{"id":68,"date":"2025-07-23T15:28:51","date_gmt":"2025-07-23T15:28:51","guid":{"rendered":"https:\/\/diosllegaalhombre.cl\/?page_id=68"},"modified":"2025-07-25T14:39:33","modified_gmt":"2025-07-25T14:39:33","slug":"zweck","status":"publish","type":"page","link":"https:\/\/diosllegaalhombre.cl\/de\/zweck\/","title":{"rendered":"Zweck"},"content":{"rendered":"\n<p>San Felipe liegt im Aconcagua-Tal, und in der Umgebung gibt es mehrere kleine St\u00e4dte und D\u00f6rfer.<\/p>\n\n\n\n<p>Die Menschen finden Arbeit in der Landwirtschaft oder in den Kupferminen in Los Andes.<\/p>\n\n\n\n<p>Viele fragen sich vielleicht, warum wir in San Felipe eine diakonische Arbeit aufbauen wollen, da es auch in anderen Teilen der Welt so viel Leid gibt.<\/p>\n\n\n\n<p>Die Antwort ist, dass wir hier leben und berufen sind, unseren N\u00e4chsten genau dort zu helfen, wo wir sind.<\/p>\n\n\n\n<p>In Putaendo, 10 Kilometer von hier entfernt, gibt es eine psychiatrische Klinik, und viele der dort aufgenommenen Menschen haben nach ihrer Entlassung kein soziales Netzwerk mehr. Obwohl es staatliche psychologische Nachsorge gibt, m\u00f6chten wir sie auch mit praktischer Hilfe und spiritueller Begleitung unterst\u00fctzen, da die Selbstmordrate in der Region sehr hoch ist.<\/p>\n\n\n\n<p>Wir haben hier ein kleines Krankenhaus und mehrere medizinische Zentren. In den letzten Jahren ist San Felipe jedoch aufgrund der zunehmenden Einwanderung so \u00fcberlastet, dass das \u00f6ffentliche Gesundheitssystem v\u00f6llig \u00fcberlastet ist. Deshalb m\u00f6chten wir dazu beitragen, die Antragsverfahren zu beschleunigen oder diejenigen finanziell zu unterst\u00fctzen, die nicht l\u00e4nger auf eine Behandlung warten k\u00f6nnen \u2013 im Rahmen unserer M\u00f6glichkeiten.<\/p>\n\n\n\n<iframe src=\"https:\/\/www.google.com\/maps\/embed?pb=!1m18!1m12!1m3!1d53689.56293505475!2d-70.79342504793813!3d-32.74987201296964!2m3!1f0!2f0!3f0!3m2!1i1024!2i768!4f13.1!3m3!1m2!1s0x968816835ff4b833%3A0xc26fa3627501a2a0!2sSan%20Felipe%2C%20Valpara%C3%ADso%2C%20Chile!5e0!3m2!1sde!2sus!4v1753284463048!5m2!1sde!2sus\" width=\"400\" height=\"300\" style=\"border:0;\" allowfullscreen=\"\" loading=\"lazy\" referrerpolicy=\"no-referrer-when-downgrade\"><\/iframe>\n","protected":false},"excerpt":{"rendered":"<p>San Felipe liegt im Aconcagua-Tal, und in der Umgebung gibt es mehrere kleine St\u00e4dte und D\u00f6rfer. Die Menschen finden Arbeit in der Landwirtschaft oder in den Kupferminen in Los Andes. Viele fragen sich vielleicht, warum wir in San Felipe eine diakonische Arbeit aufbauen wollen, da es auch in anderen Teilen der Welt so viel Leid<\/p>\n<div class=\"more-link\">\n\t\t\t\t <a href=\"https:\/\/diosllegaalhombre.cl\/de\/zweck\/\" class=\"link-btn theme-btn\"><span>Weiterlesen <\/span> <i class=\"fa fa-caret-right\"><\/i><\/a>\n\t\t\t<\/div>\n","protected":false},"author":1,"featured_media":0,"parent":0,"menu_order":0,"comment_status":"closed","ping_status":"closed","template":"","meta":{"pagelayer_contact_templates":[],"_pagelayer_content":"","_en_post_content":"<!-- wp:paragraph -->\n<p>San Felipe is located in the Aconcagua Valley, and in the surrounding area there are several small towns and villages.<\/p>\n<!-- \/wp:paragraph -->\n\n<!-- wp:paragraph -->\n<p>People find work in agriculture or in the copper mines in Los Andes.<\/p>\n<!-- \/wp:paragraph -->\n\n<!-- wp:paragraph -->\n<p>Many may wonder why we want to establish a diaconal ministry in San Felipe, since there is so much suffering in other parts of the world as well.<\/p>\n<!-- \/wp:paragraph -->\n\n<!-- wp:paragraph -->\n<p>The answer is that we live here, and we are called to help our neighbors right where we are.<\/p>\n<!-- \/wp:paragraph -->\n\n<!-- wp:paragraph -->\n<p>In Putaendo, 10 km from here, there is a psychiatric hospital, and many of the people who are admitted there have no social network left when they are discharged. Although there is government psychological aftercare, we also want to support them with practical help and spiritual care, as the suicide rate in the area is very high.<\/p>\n<!-- \/wp:paragraph -->\n\n<!-- wp:paragraph -->\n<p>We have a small hospital here and several medical centers. However, in recent years, due to increased immigration, San Felipe has become so overwhelmed that the public healthcare system is completely overloaded. Therefore, we want to help speed up application processes or provide financial support to those who can no longer wait for treatment \u2014 as far as we are able.<\/p>\n<!-- \/wp:paragraph -->","_en_post_name":"","_en_post_excerpt":"","_en_post_title":"","_de_post_content":"<!-- wp:paragraph -->\n<p>San Felipe liegt im Aconcagua-Tal, und in der Umgebung gibt es mehrere kleine St\u00e4dte und D\u00f6rfer.<\/p>\n<!-- \/wp:paragraph -->\n\n<!-- wp:paragraph -->\n<p>Die Menschen finden Arbeit in der Landwirtschaft oder in den Kupferminen in Los Andes.<\/p>\n<!-- \/wp:paragraph -->\n\n<!-- wp:paragraph -->\n<p>Viele fragen sich vielleicht, warum wir in San Felipe eine diakonische Arbeit aufbauen wollen, da es auch in anderen Teilen der Welt so viel Leid gibt.<\/p>\n<!-- \/wp:paragraph -->\n\n<!-- wp:paragraph -->\n<p>Die Antwort ist, dass wir hier leben und berufen sind, unseren N\u00e4chsten genau dort zu helfen, wo wir sind.<\/p>\n<!-- \/wp:paragraph -->\n\n<!-- wp:paragraph -->\n<p>In Putaendo, 10 Kilometer von hier entfernt, gibt es eine psychiatrische Klinik, und viele der dort aufgenommenen Menschen haben nach ihrer Entlassung kein soziales Netzwerk mehr. Obwohl es staatliche psychologische Nachsorge gibt, m\u00f6chten wir sie auch mit praktischer Hilfe und spiritueller Begleitung unterst\u00fctzen, da die Selbstmordrate in der Region sehr hoch ist.<\/p>\n<!-- \/wp:paragraph -->\n\n<!-- wp:paragraph -->\n<p>Wir haben hier ein kleines Krankenhaus und mehrere medizinische Zentren. In den letzten Jahren ist San Felipe jedoch aufgrund der zunehmenden Einwanderung so \u00fcberlastet, dass das \u00f6ffentliche Gesundheitssystem v\u00f6llig \u00fcberlastet ist. Deshalb m\u00f6chten wir dazu beitragen, die Antragsverfahren zu beschleunigen oder diejenigen finanziell zu unterst\u00fctzen, die nicht l\u00e4nger auf eine Behandlung warten k\u00f6nnen \u2013 im Rahmen unserer M\u00f6glichkeiten.<\/p>\n<!-- \/wp:paragraph -->\n\n<!-- wp:html -->\n<iframe src=\"https:\/\/www.google.com\/maps\/embed?pb=!1m18!1m12!1m3!1d53689.56293505475!2d-70.79342504793813!3d-32.74987201296964!2m3!1f0!2f0!3f0!3m2!1i1024!2i768!4f13.1!3m3!1m2!1s0x968816835ff4b833%3A0xc26fa3627501a2a0!2sSan%20Felipe%2C%20Valpara%C3%ADso%2C%20Chile!5e0!3m2!1sde!2sus!4v1753284463048!5m2!1sde!2sus\" width=\"400\" height=\"300\" style=\"border:0;\" allowfullscreen=\"\" loading=\"lazy\" referrerpolicy=\"no-referrer-when-downgrade\"><\/iframe>\n<!-- \/wp:html -->","_de_post_name":"zweck","_de_post_excerpt":"","_de_post_title":"Zweck","_es_post_content":"<!-- wp:paragraph -->\n<p><\/p>\n<!-- \/wp:paragraph -->\n\n<!-- wp:paragraph -->\n<p>San Felipe se encuentra en el valle del Aconcagua, y en los alrededores hay varias ciudades y pueblos peque\u00f1os.<\/p>\n<!-- \/wp:paragraph -->\n\n<!-- wp:paragraph -->\n<p>Las personas encuentran trabajo en la agricultura o en las minas de cobre en Los Andes.<\/p>\n<!-- \/wp:paragraph -->\n\n<!-- wp:paragraph -->\n<p>Muchos se preguntar\u00e1n por qu\u00e9 queremos establecer una obra diac\u00f3nica en San Felipe, si hay tanto sufrimiento tambi\u00e9n en otras partes del mundo.<\/p>\n<!-- \/wp:paragraph -->\n\n<!-- wp:paragraph -->\n<p>La respuesta es que vivimos aqu\u00ed y que hemos sido llamados a ayudar al pr\u00f3jimo en este lugar.<\/p>\n<!-- \/wp:paragraph -->\n\n<!-- wp:paragraph -->\n<p>A 10 km de aqu\u00ed, en Putaendo, hay un hospital psiqui\u00e1trico, y muchas de las personas que est\u00e1n internadas all\u00ed ya no tienen un entorno social cuando son dadas de alta. Aunque existe un seguimiento psicol\u00f3gico estatal, queremos tambi\u00e9n estar a su lado con ayuda pr\u00e1ctica y acompa\u00f1amiento espiritual, ya que la tasa de suicidio en la zona es muy alta.<\/p>\n<!-- \/wp:paragraph -->\n\n<!-- wp:paragraph -->\n<p>Aqu\u00ed tenemos un peque\u00f1o hospital y varios centros m\u00e9dicos. Sin embargo, debido a la inmigraci\u00f3n, San Felipe se ha visto tan sobrecargado en los \u00faltimos a\u00f1os que el sistema p\u00fablico de salud est\u00e1 completamente colapsado. Por eso queremos ayudar a agilizar tr\u00e1mites o, en los casos donde los afectados no pueden esperar m\u00e1s por su tratamiento, brindar tambi\u00e9n apoyo econ\u00f3mico en la medida de nuestras posibilidades.<\/p>\n<!-- \/wp:paragraph -->\n\n<!-- wp:html -->\n<iframe src=\"https:\/\/www.google.com\/maps\/embed?pb=!1m18!1m12!1m3!1d53689.56293505475!2d-70.79342504793813!3d-32.74987201296964!2m3!1f0!2f0!3f0!3m2!1i1024!2i768!4f13.1!3m3!1m2!1s0x968816835ff4b833%3A0xc26fa3627501a2a0!2sSan%20Felipe%2C%20Valpara%C3%ADso%2C%20Chile!5e0!3m2!1sde!2sus!4v1753284463048!5m2!1sde!2sus\" width=\"400\" height=\"300\" style=\"border:0;\" allowfullscreen=\"\" loading=\"lazy\" referrerpolicy=\"no-referrer-when-downgrade\"><\/iframe>\n<!-- \/wp:html -->","_es_post_name":"","_es_post_excerpt":"","_es_post_title":"Proposito","_nb_post_content":"<!-- wp:paragraph -->\n<p><\/p>\n<!-- \/wp:paragraph -->\n\n<!-- wp:paragraph -->\n<p>San Felipe ligger i Aconcagua-dalen, og i omr\u00e5det finnes det flere sm\u00e5 byer og landsbyer.<\/p>\n<!-- \/wp:paragraph -->\n\n<!-- wp:paragraph -->\n<p>Folk finner arbeid i landbruket eller i kobbergruvene i Los Andes.<\/p>\n<!-- \/wp:paragraph -->\n\n<!-- wp:paragraph -->\n<p>Mange lurer kanskje p\u00e5 hvorfor vi \u00f8nsker \u00e5 bygge opp et diakonalt arbeid akkurat i San Felipe, n\u00e5r det finnes s\u00e5 mye lidelse andre steder i verden.<\/p>\n<!-- \/wp:paragraph -->\n\n<!-- wp:paragraph -->\n<p>Svaret er at det er her vi bor, og vi er kalt til \u00e5 hjelpe v\u00e5r neste akkurat der vi er.<\/p>\n<!-- \/wp:paragraph -->\n\n<!-- wp:paragraph -->\n<p>I Putaendo, 10 kilometer herfra, finnes det en psykiatrisk klinikk, og mange av pasientene som skrives ut derfra, har ikke lenger noe sosialt nettverk. Selv om det finnes statlig psykisk oppf\u00f8lging, \u00f8nsker vi \u00e5 st\u00f8tte dem ogs\u00e5 med praktisk hjelp og \u00e5ndelig veiledning, siden selvmordsraten i regionen er sv\u00e6rt h\u00f8y.<\/p>\n<!-- \/wp:paragraph -->\n\n<!-- wp:paragraph -->\n<p>Her finnes et lite sykehus og flere helsesentre. De siste \u00e5rene har imidlertid San Felipe blitt s\u00e5 overbelastet p\u00e5 grunn av \u00f8kende innvandring at det offentlige helsevesenet er helt overbelastet. Derfor \u00f8nsker vi \u00e5 bidra til \u00e5 f\u00e5 i gang s\u00f8knadsprosesser raskere, eller st\u00f8tte dem \u00f8konomisk som ikke har mulighet til \u00e5 vente lenger p\u00e5 behandling \u2013 innenfor det vi har kapasitet til.<\/p>\n<!-- \/wp:paragraph -->\n\n<!-- wp:paragraph -->\n<p><\/p>\n<!-- \/wp:paragraph -->","_nb_post_name":"","_nb_post_excerpt":"","_nb_post_title":"Hensikt","_zh_post_content":"<!-- wp:paragraph -->\n<p>\u5723\u8d39\u5229\u4f69\u4f4d\u4e8e\u963f\u7a7a\u52a0\u74dc\u5c71\u8c37\uff0c\u5468\u8fb9\u5730\u533a\u5206\u5e03\u7740\u6570\u4e2a\u5c0f\u9547\u548c\u6751\u5e84\u3002<\/p>\n<!-- \/wp:paragraph -->\n\n<!-- wp:paragraph -->\n<p>\u4eba\u4eec\u5728\u5b89\u7b2c\u65af\u5c71\u8109\u7684\u519c\u4e1a\u6216\u94dc\u77ff\u5de5\u4f5c\u3002<\/p>\n<!-- \/wp:paragraph -->\n\n<!-- wp:paragraph -->\n<p>\u8bb8\u591a\u4eba\u53ef\u80fd\u60f3\u77e5\u9053\uff0c\u65e2\u7136\u4e16\u754c\u5176\u4ed6\u5730\u65b9\u4e5f\u5b58\u5728\u7740\u5982\u6b64\u591a\u7684\u82e6\u96be\uff0c\u6211\u4eec\u4e3a\u4ec0\u4e48\u8981\u5728\u5723\u8d39\u5229\u4f69\u5efa\u7acb\u6267\u4e8b\u4e8b\u5de5\uff1f<\/p>\n<!-- \/wp:paragraph -->\n\n<!-- wp:paragraph -->\n<p>\u7b54\u6848\u662f\uff0c\u6211\u4eec\u751f\u6d3b\u5728\u8fd9\u91cc\uff0c\u6211\u4eec\u8499\u53ec\u53bb\u5e2e\u52a9\u6211\u4eec\u8eab\u8fb9\u7684\u90bb\u820d\u3002<\/p>\n<!-- \/wp:paragraph -->\n\n<!-- wp:paragraph -->\n<p>\u5728\u8ddd\u6b6410\u516c\u91cc\u7684\u666e\u5766\u591a\uff0c\u6709\u4e00\u5bb6\u7cbe\u795e\u75c5\u9662\uff0c\u8bb8\u591a\u4f4f\u5728\u90a3\u91cc\u7684\u4eba\u51fa\u9662\u540e\u90fd\u5931\u53bb\u4e86\u793e\u4f1a\u5173\u7cfb\u3002\u867d\u7136\u653f\u5e9c\u63d0\u4f9b\u5fc3\u7406\u5eb7\u590d\u670d\u52a1\uff0c\u4f46\u6211\u4eec\u4e5f\u5e0c\u671b\u4e3a\u4ed6\u4eec\u63d0\u4f9b\u5b9e\u9645\u7684\u5e2e\u52a9\u548c\u7cbe\u795e\u5173\u6000\uff0c\u56e0\u4e3a\u8be5\u5730\u533a\u7684\u81ea\u6740\u7387\u5f88\u9ad8\u3002<\/p>\n<!-- \/wp:paragraph -->\n\n<!-- wp:paragraph -->\n<p>\u6211\u4eec\u8fd9\u91cc\u6709\u4e00\u5bb6\u5c0f\u533b\u9662\u548c\u51e0\u5bb6\u533b\u7597\u4e2d\u5fc3\u3002\u7136\u800c\uff0c\u8fd1\u5e74\u6765\uff0c\u7531\u4e8e\u79fb\u6c11\u589e\u52a0\uff0c\u5723\u8d39\u5229\u4f69\u4e0d\u582a\u91cd\u8d1f\uff0c\u516c\u5171\u533b\u7597\u7cfb\u7edf\u5df2\u7ecf\u5b8c\u5168\u8d85\u8d1f\u8377\u8fd0\u8f6c\u3002\u56e0\u6b64\uff0c\u6211\u4eec\u5e0c\u671b\u5c3d\u6211\u4eec\u6240\u80fd\uff0c\u5e2e\u52a9\u52a0\u5feb\u7533\u8bf7\u6d41\u7a0b\u6216\u4e3a\u90a3\u4e9b\u65e0\u6cd5\u518d\u7b49\u5f85\u6cbb\u7597\u7684\u4eba\u63d0\u4f9b\u7ecf\u6d4e\u652f\u6301\u3002<\/p>\n<!-- \/wp:paragraph -->","_zh_post_name":"","_zh_post_excerpt":"","_zh_post_title":"Purpose (CN)","edit_language":"de","footnotes":""},"class_list":["post-68","page","type-page","status-publish","hentry"],"_links":{"self":[{"href":"https:\/\/diosllegaalhombre.cl\/de\/wp-json\/wp\/v2\/pages\/68","targetHints":{"allow":["GET"]}}],"collection":[{"href":"https:\/\/diosllegaalhombre.cl\/de\/wp-json\/wp\/v2\/pages"}],"about":[{"href":"https:\/\/diosllegaalhombre.cl\/de\/wp-json\/wp\/v2\/types\/page"}],"author":[{"embeddable":true,"href":"https:\/\/diosllegaalhombre.cl\/de\/wp-json\/wp\/v2\/users\/1"}],"replies":[{"embeddable":true,"href":"https:\/\/diosllegaalhombre.cl\/de\/wp-json\/wp\/v2\/comments?post=68"}],"version-history":[{"count":6,"href":"https:\/\/diosllegaalhombre.cl\/de\/wp-json\/wp\/v2\/pages\/68\/revisions"}],"predecessor-version":[{"id":153,"href":"https:\/\/diosllegaalhombre.cl\/de\/wp-json\/wp\/v2\/pages\/68\/revisions\/153"}],"wp:attachment":[{"href":"https:\/\/diosllegaalhombre.cl\/de\/wp-json\/wp\/v2\/media?parent=68"}],"curies":[{"name":"wp","href":"https:\/\/api.w.org\/{rel}","templated":true}]}}