{"id":169,"date":"2025-08-09T15:45:37","date_gmt":"2025-08-09T15:45:37","guid":{"rendered":"https:\/\/diosllegaalhombre.cl\/my-calendar\/"},"modified":"2026-04-21T17:46:10","modified_gmt":"2026-04-21T17:46:10","slug":"","status":"publish","type":"page","link":"https:\/\/diosllegaalhombre.cl\/nb\/my-calendar\/","title":{"rendered":"Nyheter","raw":"Nyheter"},"content":{"rendered":"","protected":false,"raw":""},"excerpt":{"rendered":"","protected":false,"raw":""},"author":1,"featured_media":0,"parent":0,"menu_order":0,"comment_status":"closed","ping_status":"closed","template":"","meta":{"pagelayer_contact_templates":[],"_pagelayer_content":"","_en_post_content":"<!-- wp:paragraph -->\n<p>A short time ago, we used a little tent and Angela told the story of Jona and the big fish to the children living near us. <\/p>\n<!-- \/wp:paragraph -->\n\n<!-- wp:embed {\"url\":\"https:\/\/www.youtube.com\/watch?v=nBu_2F-rwgo\",\"type\":\"video\",\"providerNameSlug\":\"youtube\",\"responsive\":true,\"className\":\"wp-embed-aspect-16-9 wp-has-aspect-ratio\"} -->\n<figure class=\"wp-block-embed is-type-video is-provider-youtube wp-block-embed-youtube wp-embed-aspect-16-9 wp-has-aspect-ratio\"><div class=\"wp-block-embed__wrapper\">\nhttps:\/\/www.youtube.com\/watch?v=nBu_2F-rwgo\n<\/div><\/figure>\n<!-- \/wp:embed -->\n\n<!-- wp:paragraph -->\n<p>At the moment we are looking for a room in the town, there people can come for reading a book, drinking a coffee and children can learn to play the piano. <\/p>\n<!-- \/wp:paragraph -->","_en_post_name":"","_en_post_excerpt":"","_en_post_title":"News","_de_post_content":"<!-- wp:paragraph -->\n<p>Anfang April durften wir in dem Viertel, in dem wir wohnen ein kleines Zelt aufstellen und Angela erz\u00e4hlte die Geschichte von Jona und dem gro\u00dfen Fisch. <\/p>\n<!-- \/wp:paragraph -->\n\n<!-- wp:embed {\"url\":\"https:\/\/www.youtube.com\/watch?v=nBu_2F-rwgo\",\"type\":\"video\",\"providerNameSlug\":\"youtube\",\"responsive\":true,\"className\":\"wp-embed-aspect-16-9 wp-has-aspect-ratio\"} -->\n<figure class=\"wp-block-embed is-type-video is-provider-youtube wp-block-embed-youtube wp-embed-aspect-16-9 wp-has-aspect-ratio\"><div class=\"wp-block-embed__wrapper\">\nhttps:\/\/www.youtube.com\/watch?v=nBu_2F-rwgo\n<\/div><\/figure>\n<!-- \/wp:embed -->\n\n<!-- wp:paragraph -->\n<p>Momentan suchen wir ein Lokal um einen Raum in der Stadt einzurichten, wo Leute tags\u00fcber hingehen k\u00f6nnen um ein Buch zu lesen oder einen Kaffee zu trinken und in dem wir auch Klavierunterricht f\u00fcr Kinder anbieten. <\/p>\n<!-- \/wp:paragraph -->","_de_post_name":"my-calendar","_de_post_excerpt":"","_de_post_title":"Aktuelles","_es_post_content":"<!-- wp:shortcode -->\n[my_calendar id=\"my-calendar\"]\n<!-- \/wp:shortcode -->","_es_post_name":"","_es_post_excerpt":"","_es_post_title":"Calendario","_nb_post_content":"","_nb_post_name":"","_nb_post_excerpt":"","_nb_post_title":"Nyheter","_zh_post_content":"","_zh_post_name":"","_zh_post_excerpt":"","_zh_post_title":"Calendar","edit_language":"nb","footnotes":""},"class_list":["post-169","page","type-page","status-publish","hentry"],"_links":{"self":[{"href":"https:\/\/diosllegaalhombre.cl\/nb\/wp-json\/wp\/v2\/pages\/169","targetHints":{"allow":["GET"]}}],"collection":[{"href":"https:\/\/diosllegaalhombre.cl\/nb\/wp-json\/wp\/v2\/pages"}],"about":[{"href":"https:\/\/diosllegaalhombre.cl\/nb\/wp-json\/wp\/v2\/types\/page"}],"author":[{"embeddable":true,"href":"https:\/\/diosllegaalhombre.cl\/nb\/wp-json\/wp\/v2\/users\/1"}],"replies":[{"embeddable":true,"href":"https:\/\/diosllegaalhombre.cl\/nb\/wp-json\/wp\/v2\/comments?post=169"}],"version-history":[{"count":3,"href":"https:\/\/diosllegaalhombre.cl\/nb\/wp-json\/wp\/v2\/pages\/169\/revisions"}],"predecessor-version":[{"id":182,"href":"https:\/\/diosllegaalhombre.cl\/nb\/wp-json\/wp\/v2\/pages\/169\/revisions\/182"}],"wp:attachment":[{"href":"https:\/\/diosllegaalhombre.cl\/nb\/wp-json\/wp\/v2\/media?parent=169"}],"curies":[{"name":"wp","href":"https:\/\/api.w.org\/{rel}","templated":true}]}}