{"id":96,"date":"2025-07-24T13:26:30","date_gmt":"2025-07-24T13:26:30","guid":{"rendered":"https:\/\/diosllegaalhombre.cl\/de\/?page_id=96"},"modified":"2025-07-25T22:12:07","modified_gmt":"2025-07-25T22:12:07","slug":"","status":"publish","type":"page","link":"https:\/\/diosllegaalhombre.cl\/zh\/mithilfe\/","title":{"rendered":"Helping Hand (CN)","raw":"Helping Hand (CN)"},"content":{"rendered":"\n<p><strong>\u7977\u544a<\/strong><\/p>\n\n\n\n<p>\u9996\u5148\u6700\u91cd\u8981\u7684\u662f\u7977\u544a\uff1a\u8bf7\u4e3a\u6211\u4eec\u5728\u5723\u8d39\u5229\u4f69\u7684\u4e8b\u5de5\u7977\u544a\uff0c\u6c42\u795e\u5728\u6211\u4eec\u7684\u670d\u4e8b\u548c\u53c2\u4e0e\u4e0a\u7ed9\u4e88\u6b63\u786e\u7684\u5f15\u5bfc\u3002<\/p>\n\n\n\n<p><strong>\u63a2\u8bbf<\/strong><\/p>\n\n\n\n<p>\u4f60\u4e5f\u975e\u5e38\u6b22\u8fce\u6765\u62dc\u8bbf\u6211\u4eec\uff0c\u4f8b\u5982\u53c2\u4e0e\u63a2\u8bbf\u4e8b\u5de5\u6216\u5176\u4ed6\u6d3b\u52a8\u3002<\/p>\n\n\n\n<p><strong>\u5949\u732e<\/strong><\/p>\n\n\n\n<p>\u4e3a\u4e86\u4f7f\u8fd9\u4e2a\u9879\u76ee\u80fd\u591f\u957f\u671f\u6301\u7eed\u8fdb\u884c\uff0c\u6211\u4eec\u5f53\u7136\u4e5f\u9700\u8981\u4e00\u4e9b\u7ecf\u6d4e\u8d44\u6e90\uff1a<\/p>\n\n\n\n<p>\u6211\u4eec\u5728\u805a\u4f1a\u4e2d\u4e0d\u6536\u5949\u732e\uff0c\u4e5f\u4e0d\u8981\u6c42\u4efb\u4f55\u4eba\u7f34\u7eb3\u5341\u4e00\u5949\u732e\uff0c\u6240\u6709\u7684\u6350\u6b3e\u90fd\u662f\u51fa\u4e8e\u81ea\u613f\uff0c\u7167\u7740\u795e\u653e\u5728\u6bcf\u4e2a\u4eba\u5fc3\u4e2d\u7684\u611f\u52a8\u3002<\/p>\n\n\n\n<p><strong>\u5c0f\u5e97<\/strong><\/p>\n\n\n\n<p>\u6211\u4eec\u8ba1\u5212\u6210\u7acb\u4e00\u4e2a\u624b\u5de5\u5c0f\u7ec4\uff0c\u5728\u5de5\u4f5c\u574a\u91cc\u5236\u4f5c\u624b\u5de5\u54c1\uff0c\u7136\u540e\u5728\u5c0f\u5e97\u4e2d\u51fa\u552e\u3002\u5982\u679c\u4f60\u613f\u610f\u4e3a\u5c0f\u5e97\u6350\u8d60\u7269\u54c1\uff0c\u6211\u4eec\u5c06\u8877\u5fc3\u611f\u8c22\u4f60\u3002<\/p>\n","protected":false,"raw":"<!-- wp:paragraph -->\n<p><strong>\u7977\u544a<\/strong><\/p>\n<!-- \/wp:paragraph -->\n\n<!-- wp:paragraph -->\n<p>\u9996\u5148\u6700\u91cd\u8981\u7684\u662f\u7977\u544a\uff1a\u8bf7\u4e3a\u6211\u4eec\u5728\u5723\u8d39\u5229\u4f69\u7684\u4e8b\u5de5\u7977\u544a\uff0c\u6c42\u795e\u5728\u6211\u4eec\u7684\u670d\u4e8b\u548c\u53c2\u4e0e\u4e0a\u7ed9\u4e88\u6b63\u786e\u7684\u5f15\u5bfc\u3002<\/p>\n<!-- \/wp:paragraph -->\n\n<!-- wp:paragraph -->\n<p><strong>\u63a2\u8bbf<\/strong><\/p>\n<!-- \/wp:paragraph -->\n\n<!-- wp:paragraph -->\n<p>\u4f60\u4e5f\u975e\u5e38\u6b22\u8fce\u6765\u62dc\u8bbf\u6211\u4eec\uff0c\u4f8b\u5982\u53c2\u4e0e\u63a2\u8bbf\u4e8b\u5de5\u6216\u5176\u4ed6\u6d3b\u52a8\u3002<\/p>\n<!-- \/wp:paragraph -->\n\n<!-- wp:paragraph -->\n<p><strong>\u5949\u732e<\/strong><\/p>\n<!-- \/wp:paragraph -->\n\n<!-- wp:paragraph -->\n<p>\u4e3a\u4e86\u4f7f\u8fd9\u4e2a\u9879\u76ee\u80fd\u591f\u957f\u671f\u6301\u7eed\u8fdb\u884c\uff0c\u6211\u4eec\u5f53\u7136\u4e5f\u9700\u8981\u4e00\u4e9b\u7ecf\u6d4e\u8d44\u6e90\uff1a<\/p>\n<!-- \/wp:paragraph -->\n\n<!-- wp:paragraph -->\n<p>\u6211\u4eec\u5728\u805a\u4f1a\u4e2d\u4e0d\u6536\u5949\u732e\uff0c\u4e5f\u4e0d\u8981\u6c42\u4efb\u4f55\u4eba\u7f34\u7eb3\u5341\u4e00\u5949\u732e\uff0c\u6240\u6709\u7684\u6350\u6b3e\u90fd\u662f\u51fa\u4e8e\u81ea\u613f\uff0c\u7167\u7740\u795e\u653e\u5728\u6bcf\u4e2a\u4eba\u5fc3\u4e2d\u7684\u611f\u52a8\u3002<\/p>\n<!-- \/wp:paragraph -->\n\n<!-- wp:paragraph -->\n<p><strong>\u5c0f\u5e97<\/strong><\/p>\n<!-- \/wp:paragraph -->\n\n<!-- wp:paragraph -->\n<p>\u6211\u4eec\u8ba1\u5212\u6210\u7acb\u4e00\u4e2a\u624b\u5de5\u5c0f\u7ec4\uff0c\u5728\u5de5\u4f5c\u574a\u91cc\u5236\u4f5c\u624b\u5de5\u54c1\uff0c\u7136\u540e\u5728\u5c0f\u5e97\u4e2d\u51fa\u552e\u3002\u5982\u679c\u4f60\u613f\u610f\u4e3a\u5c0f\u5e97\u6350\u8d60\u7269\u54c1\uff0c\u6211\u4eec\u5c06\u8877\u5fc3\u611f\u8c22\u4f60\u3002<\/p>\n<!-- \/wp:paragraph -->"},"excerpt":{"rendered":"","protected":false,"raw":""},"author":1,"featured_media":0,"parent":0,"menu_order":0,"comment_status":"closed","ping_status":"closed","template":"","meta":{"pagelayer_contact_templates":[],"_pagelayer_content":"","_en_post_content":"<!-- wp:paragraph -->\n<p><strong>Prayer<\/strong><\/p>\n<!-- \/wp:paragraph -->\n\n<!-- wp:paragraph -->\n<p>The first thing is always prayer: Please pray for the ministry in San Felipe, so that God may guide us correctly in our service and commitment.<\/p>\n<!-- \/wp:paragraph -->\n\n<!-- wp:paragraph -->\n<p><strong>Visits<\/strong><\/p>\n<!-- \/wp:paragraph -->\n\n<!-- wp:paragraph -->\n<p>You are also very welcome to visit us and, for example, help with visitation ministry or other activities.<\/p>\n<!-- \/wp:paragraph -->\n\n<!-- wp:paragraph -->\n<p><strong>Gifts<\/strong><\/p>\n<!-- \/wp:paragraph -->\n\n<!-- wp:paragraph -->\n<p>To realize this project long-term, we naturally also need financial resources:<\/p>\n<!-- \/wp:paragraph -->\n\n<!-- wp:paragraph -->\n<p>We do not collect offerings during our events and do not ask anyone for a tithe. All gifts are voluntary, as God places them on each person\u2019s heart.<\/p>\n<!-- \/wp:paragraph -->\n\n<!-- wp:paragraph -->\n<p><strong>Shop<\/strong><\/p>\n<!-- \/wp:paragraph -->\n\n<!-- wp:paragraph -->\n<p>We plan to start a handicraft group where we create items during workshops that we will then sell in a shop. If you would like to donate something for the shop, we sincerely thank you.<\/p>\n<!-- \/wp:paragraph -->","_en_post_name":"","_en_post_excerpt":"","_en_post_title":"Helping Hand","_de_post_content":"<!-- wp:heading -->\n<h2 class=\"wp-block-heading\">Gebet<\/h2>\n<!-- \/wp:heading -->\n\n<!-- wp:paragraph -->\n<p>Das erste ist immer Gebet: Bete f\u00fcr den Dienst in San Felipe, damit Gott uns richtig f\u00fchrt wenn es um Einsatz und Dienst geht.<\/p>\n<!-- \/wp:paragraph -->\n\n<!-- wp:heading -->\n<h2 class=\"wp-block-heading\">Besuche <\/h2>\n<!-- \/wp:heading -->\n\n<!-- wp:paragraph -->\n<p>Des weiteren kannst du uns gerne besuchen und unter anderem zum Beispiel beim Besuchsdienst oder anderen Aktivit\u00e4ten mit anpacken. <\/p>\n<!-- \/wp:paragraph -->\n\n<!-- wp:heading -->\n<h2 class=\"wp-block-heading\">Gaben<\/h2>\n<!-- \/wp:heading -->\n\n<!-- wp:paragraph -->\n<p>Um das Projekt dauerhaft zu realisieren brauchen wir nat\u00fcrlich auch finanzielle Mittel: <\/p>\n<!-- \/wp:paragraph -->\n\n<!-- wp:paragraph -->\n<p>Wir sammeln bei unseren Veranstaltungen kein Opfer ein und verlangen auch von niemandem den Zehnten, alle Gaben sind freiwillig, so wie Gott sie jedem auf das Herz legt.<\/p>\n<!-- \/wp:paragraph -->\n\n<!-- wp:heading -->\n<h2 class=\"wp-block-heading\">Laden <\/h2>\n<!-- \/wp:heading -->\n\n<!-- wp:paragraph -->\n<p>Wir haben vor, einen Handarbeitskreis zu gr\u00fcnden, wo wir in Workshops Dinge herstellen, die wir danach in einem Laden verkaufen. Falls Du etwas f\u00fcr den Laden spenden m\u00f6chtest, danken wir dir herzlich daf\u00fcr.<\/p>\n<!-- \/wp:paragraph -->\n\n<!-- wp:paragraph -->\n<p><\/p>\n<!-- \/wp:paragraph -->","_de_post_name":"mithilfe","_de_post_excerpt":"","_de_post_title":"Mithilfe","_es_post_content":"<!-- wp:paragraph -->\n<p><strong>Oraci\u00f3n<\/strong><\/p>\n<!-- \/wp:paragraph -->\n\n<!-- wp:paragraph -->\n<p>Lo primero siempre es la oraci\u00f3n: Ora por el ministerio en San Felipe, para que Dios nos gu\u00ede correctamente en nuestro servicio y compromiso.<\/p>\n<!-- \/wp:paragraph -->\n\n<!-- wp:paragraph -->\n<p><strong>Visitas<\/strong><\/p>\n<!-- \/wp:paragraph -->\n\n<!-- wp:paragraph -->\n<p>Tambi\u00e9n Usted es muy bienvenido\/a a visitarnos y, por ejemplo, colaborar en el ministerio de visitas o en otras actividades.<\/p>\n<!-- \/wp:paragraph -->\n\n<!-- wp:paragraph -->\n<p><strong>Donaciones<\/strong><\/p>\n<!-- \/wp:paragraph -->\n\n<!-- wp:paragraph -->\n<p>Para llevar a cabo este proyecto de manera sostenible, naturalmente tambi\u00e9n necesitamos recursos financieros:<\/p>\n<!-- \/wp:paragraph -->\n\n<!-- wp:paragraph -->\n<p>No recogemos ofrendas en nuestros eventos ni pedimos el diezmo a nadie. Todas las donaciones son voluntarias, como Dios las pone en el coraz\u00f3n de cada uno.<\/p>\n<!-- \/wp:paragraph -->\n\n<!-- wp:paragraph -->\n<p><strong>Tienda<\/strong><\/p>\n<!-- \/wp:paragraph -->\n\n<!-- wp:paragraph -->\n<p>Tenemos la intenci\u00f3n de formar un grupo de manualidades donde, en talleres, podamos crear productos que luego venderemos en una tienda. Si Usted desea donar algo para la tienda, te lo agradecemos de coraz\u00f3n.<\/p>\n<!-- \/wp:paragraph -->","_es_post_name":"","_es_post_excerpt":"","_es_post_title":"A Ayudarnos","_nb_post_content":"<!-- wp:paragraph -->\n<p><strong>B\u00f8nn<\/strong><\/p>\n<!-- \/wp:paragraph -->\n\n<!-- wp:paragraph -->\n<p>Det f\u00f8rste og viktigste er b\u00f8nn: Be for tjenesten i San Felipe, slik at Gud kan lede oss rett i v\u00e5r innsats og v\u00e5rt arbeid.<\/p>\n<!-- \/wp:paragraph -->\n\n<!-- wp:paragraph -->\n<p><strong>Bes\u00f8k<\/strong><\/p>\n<!-- \/wp:paragraph -->\n\n<!-- wp:paragraph -->\n<p>Du er ogs\u00e5 hjertelig velkommen til \u00e5 bes\u00f8ke oss og gjerne hjelpe til med bes\u00f8kstjeneste eller andre aktiviteter.<\/p>\n<!-- \/wp:paragraph -->\n\n<!-- wp:paragraph -->\n<p><strong>Gaver<\/strong><\/p>\n<!-- \/wp:paragraph -->\n\n<!-- wp:paragraph -->\n<p>For \u00e5 realisere prosjektet p\u00e5 lang sikt trenger vi selvsagt ogs\u00e5 \u00f8konomiske midler:<\/p>\n<!-- \/wp:paragraph -->\n\n<!-- wp:paragraph -->\n<p>V\u00e5rt \u00f8nske er at Jonathan kan fristilles fra sin n\u00e5v\u00e6rende jobb og arbeide fulltid i stiftelsen. Vi samler ikke inn kollekt p\u00e5 v\u00e5re arrangementer og krever heller ikke tiende fra noen. Alle gaver er frivillige, slik som Gud legger det p\u00e5 hjertet til hver enkelt.<\/p>\n<!-- \/wp:paragraph -->\n\n<!-- wp:paragraph -->\n<p><strong>Butikk<\/strong><\/p>\n<!-- \/wp:paragraph -->\n\n<!-- wp:paragraph -->\n<p>Vi planlegger \u00e5 starte en h\u00e5ndarbeidsgruppe der vi lager ting i verksteder som vi senere selger i en butikk. Hvis du \u00f8nsker \u00e5 gi noe til butikken, takker vi deg hjertelig.<\/p>\n<!-- \/wp:paragraph -->","_nb_post_name":"","_nb_post_excerpt":"","_nb_post_title":"Slik kan du hjelpe","_zh_post_content":"<!-- wp:paragraph -->\n<p><strong>\u7977\u544a<\/strong><\/p>\n<!-- \/wp:paragraph -->\n\n<!-- wp:paragraph -->\n<p>\u9996\u5148\u6700\u91cd\u8981\u7684\u662f\u7977\u544a\uff1a\u8bf7\u4e3a\u6211\u4eec\u5728\u5723\u8d39\u5229\u4f69\u7684\u4e8b\u5de5\u7977\u544a\uff0c\u6c42\u795e\u5728\u6211\u4eec\u7684\u670d\u4e8b\u548c\u53c2\u4e0e\u4e0a\u7ed9\u4e88\u6b63\u786e\u7684\u5f15\u5bfc\u3002<\/p>\n<!-- \/wp:paragraph -->\n\n<!-- wp:paragraph -->\n<p><strong>\u63a2\u8bbf<\/strong><\/p>\n<!-- \/wp:paragraph -->\n\n<!-- wp:paragraph -->\n<p>\u4f60\u4e5f\u975e\u5e38\u6b22\u8fce\u6765\u62dc\u8bbf\u6211\u4eec\uff0c\u4f8b\u5982\u53c2\u4e0e\u63a2\u8bbf\u4e8b\u5de5\u6216\u5176\u4ed6\u6d3b\u52a8\u3002<\/p>\n<!-- \/wp:paragraph -->\n\n<!-- wp:paragraph -->\n<p><strong>\u5949\u732e<\/strong><\/p>\n<!-- \/wp:paragraph -->\n\n<!-- wp:paragraph -->\n<p>\u4e3a\u4e86\u4f7f\u8fd9\u4e2a\u9879\u76ee\u80fd\u591f\u957f\u671f\u6301\u7eed\u8fdb\u884c\uff0c\u6211\u4eec\u5f53\u7136\u4e5f\u9700\u8981\u4e00\u4e9b\u7ecf\u6d4e\u8d44\u6e90\uff1a<\/p>\n<!-- \/wp:paragraph -->\n\n<!-- wp:paragraph -->\n<p>\u6211\u4eec\u5728\u805a\u4f1a\u4e2d\u4e0d\u6536\u5949\u732e\uff0c\u4e5f\u4e0d\u8981\u6c42\u4efb\u4f55\u4eba\u7f34\u7eb3\u5341\u4e00\u5949\u732e\uff0c\u6240\u6709\u7684\u6350\u6b3e\u90fd\u662f\u51fa\u4e8e\u81ea\u613f\uff0c\u7167\u7740\u795e\u653e\u5728\u6bcf\u4e2a\u4eba\u5fc3\u4e2d\u7684\u611f\u52a8\u3002<\/p>\n<!-- \/wp:paragraph -->\n\n<!-- wp:paragraph -->\n<p><strong>\u5c0f\u5e97<\/strong><\/p>\n<!-- \/wp:paragraph -->\n\n<!-- wp:paragraph -->\n<p>\u6211\u4eec\u8ba1\u5212\u6210\u7acb\u4e00\u4e2a\u624b\u5de5\u5c0f\u7ec4\uff0c\u5728\u5de5\u4f5c\u574a\u91cc\u5236\u4f5c\u624b\u5de5\u54c1\uff0c\u7136\u540e\u5728\u5c0f\u5e97\u4e2d\u51fa\u552e\u3002\u5982\u679c\u4f60\u613f\u610f\u4e3a\u5c0f\u5e97\u6350\u8d60\u7269\u54c1\uff0c\u6211\u4eec\u5c06\u8877\u5fc3\u611f\u8c22\u4f60\u3002<\/p>\n<!-- \/wp:paragraph -->","_zh_post_name":"","_zh_post_excerpt":"","_zh_post_title":"Helping Hand (CN)","edit_language":"zh","footnotes":""},"class_list":["post-96","page","type-page","status-publish","hentry"],"_links":{"self":[{"href":"https:\/\/diosllegaalhombre.cl\/zh\/wp-json\/wp\/v2\/pages\/96","targetHints":{"allow":["GET"]}}],"collection":[{"href":"https:\/\/diosllegaalhombre.cl\/zh\/wp-json\/wp\/v2\/pages"}],"about":[{"href":"https:\/\/diosllegaalhombre.cl\/zh\/wp-json\/wp\/v2\/types\/page"}],"author":[{"embeddable":true,"href":"https:\/\/diosllegaalhombre.cl\/zh\/wp-json\/wp\/v2\/users\/1"}],"replies":[{"embeddable":true,"href":"https:\/\/diosllegaalhombre.cl\/zh\/wp-json\/wp\/v2\/comments?post=96"}],"version-history":[{"count":2,"href":"https:\/\/diosllegaalhombre.cl\/zh\/wp-json\/wp\/v2\/pages\/96\/revisions"}],"predecessor-version":[{"id":154,"href":"https:\/\/diosllegaalhombre.cl\/zh\/wp-json\/wp\/v2\/pages\/96\/revisions\/154"}],"wp:attachment":[{"href":"https:\/\/diosllegaalhombre.cl\/zh\/wp-json\/wp\/v2\/media?parent=96"}],"curies":[{"name":"wp","href":"https:\/\/api.w.org\/{rel}","templated":true}]}}